{"id":7,"date":"2017-04-19T20:01:32","date_gmt":"2017-04-19T20:01:32","guid":{"rendered":"http:\/\/hammerheart.kapsi.fi\/greatdane\/?page_id=7"},"modified":"2021-08-18T11:08:34","modified_gmt":"2021-08-18T11:08:34","slug":"home","status":"publish","type":"page","link":"https:\/\/hammerheart.kapsi.fi\/greatdane\/","title":{"rendered":"Sivustomme muuttaa!"},"content":{"rendered":"\n<h3>Jatkossa l\u00f6yd\u00e4t meid\u00e4t osoitteesta <a href=\"http:\/\/thegreatdaneadventures.fi\" target=\"_blank\" rel=\"noreferrer noopener\">thegreatdaneadventures.fi<\/a>, joten p\u00e4ivit\u00e4 kirjanmerkkisi heti! <\/h3>\n\n\n\n<figure class=\"wp-block-image size-medium\"><img loading=\"lazy\" width=\"297\" height=\"300\" src=\"http:\/\/hammerheart.kapsi.fi\/greatdane\/wp-content\/uploads\/2021\/06\/IMG_6864-297x300.jpg\" alt=\"\" class=\"wp-image-5192\" srcset=\"https:\/\/hammerheart.kapsi.fi\/greatdane\/wp-content\/uploads\/2021\/06\/IMG_6864-297x300.jpg 297w, https:\/\/hammerheart.kapsi.fi\/greatdane\/wp-content\/uploads\/2021\/06\/IMG_6864-1014x1024.jpg 1014w, https:\/\/hammerheart.kapsi.fi\/greatdane\/wp-content\/uploads\/2021\/06\/IMG_6864-768x775.jpg 768w, https:\/\/hammerheart.kapsi.fi\/greatdane\/wp-content\/uploads\/2021\/06\/IMG_6864-495x500.jpg 495w, https:\/\/hammerheart.kapsi.fi\/greatdane\/wp-content\/uploads\/2021\/06\/IMG_6864.jpg 1170w\" sizes=\"(max-width: 297px) 100vw, 297px\" \/><\/figure>\n\n\n\n<h4>P\u00e4ivitykset:<\/h4>\n\n\n\n<ul><li>siirto uudelle saitille 18.8.2021 &#8211;> <a href=\"http:\/\/thegreatdaneadventures.fi\" target=\"_blank\" rel=\"noreferrer noopener\">thegreatdaneadventures.fi <\/a><\/li><li>viimeinen p\u00e4ivitys tehty 21.7.2021<\/li><\/ul>\n\n\n\n<p><\/p>\n","protected":false},"excerpt":{"rendered":"<p>Jatkossa l\u00f6yd\u00e4t meid\u00e4t osoitteesta thegreatdaneadventures.fi, joten p\u00e4ivit\u00e4 kirjanmerkkisi heti! P\u00e4ivitykset: siirto uudelle saitille 18.8.2021 &#8211;> thegreatdaneadventures.fi viimeinen p\u00e4ivitys tehty 21.7.2021<\/p>\n","protected":false},"author":1,"featured_media":0,"parent":0,"menu_order":0,"comment_status":"closed","ping_status":"closed","template":"","meta":{"Layout":""},"_links":{"self":[{"href":"https:\/\/hammerheart.kapsi.fi\/greatdane\/wp-json\/wp\/v2\/pages\/7"}],"collection":[{"href":"https:\/\/hammerheart.kapsi.fi\/greatdane\/wp-json\/wp\/v2\/pages"}],"about":[{"href":"https:\/\/hammerheart.kapsi.fi\/greatdane\/wp-json\/wp\/v2\/types\/page"}],"author":[{"embeddable":true,"href":"https:\/\/hammerheart.kapsi.fi\/greatdane\/wp-json\/wp\/v2\/users\/1"}],"replies":[{"embeddable":true,"href":"https:\/\/hammerheart.kapsi.fi\/greatdane\/wp-json\/wp\/v2\/comments?post=7"}],"version-history":[{"count":238,"href":"https:\/\/hammerheart.kapsi.fi\/greatdane\/wp-json\/wp\/v2\/pages\/7\/revisions"}],"predecessor-version":[{"id":5273,"href":"https:\/\/hammerheart.kapsi.fi\/greatdane\/wp-json\/wp\/v2\/pages\/7\/revisions\/5273"}],"wp:attachment":[{"href":"https:\/\/hammerheart.kapsi.fi\/greatdane\/wp-json\/wp\/v2\/media?parent=7"}],"curies":[{"name":"wp","href":"https:\/\/api.w.org\/{rel}","templated":true}]}}