{"id":5117,"date":"2021-05-14T15:06:23","date_gmt":"2021-05-14T15:06:23","guid":{"rendered":"http:\/\/hammerheart.kapsi.fi\/greatdane\/?page_id=5117"},"modified":"2021-07-11T06:54:34","modified_gmt":"2021-07-11T06:54:34","slug":"nayttelyt","status":"publish","type":"page","link":"https:\/\/hammerheart.kapsi.fi\/greatdane\/nayttelyt\/","title":{"rendered":"N\u00e4yttelyt"},"content":{"rendered":"\n<figure class=\"wp-block-table is-style-stripes\"><table><thead><tr><th class=\"has-text-align-left\" data-align=\"left\">Paikka<\/th><th>P\u00e4iv\u00e4m\u00e4\u00e4r\u00e4<\/th><th class=\"has-text-align-left\" data-align=\"left\">Luokka<\/th><th class=\"has-text-align-left\" data-align=\"left\">Tulos<\/th><th class=\"has-text-align-left\" data-align=\"left\">Tuomari<\/th><th class=\"has-text-align-left\" data-align=\"left\">Linkki blogiin<\/th><\/tr><\/thead><tbody><tr><td class=\"has-text-align-left\" data-align=\"left\">Aura,  <br>Open show<\/td><td>13.5.2021<\/td><td class=\"has-text-align-left\" data-align=\"left\">Nuo<\/td><td class=\"has-text-align-left\" data-align=\"left\">1 VSP<\/td><td class=\"has-text-align-left\" data-align=\"left\">Kati Nieminen<\/td><td class=\"has-text-align-left\" data-align=\"left\"><a href=\"http:\/\/hammerheart.kapsi.fi\/greatdane\/2021\/05\/14\/debyyttiesitys-open-showssa\/\" data-type=\"post\" data-id=\"5120\">Debyyttiesitys open show&#8217;ssa<\/a><\/td><\/tr><tr><td class=\"has-text-align-left\" data-align=\"left\">Ruokolahti, RN<\/td><td>10.7.2021<\/td><td class=\"has-text-align-left\" data-align=\"left\">Jun<\/td><td class=\"has-text-align-left\" data-align=\"left\">ERI1<\/td><td class=\"has-text-align-left\" data-align=\"left\">Ville Meronen<\/td><td class=\"has-text-align-left\" data-align=\"left\"><a href=\"http:\/\/hammerheart.kapsi.fi\/greatdane\/2021\/07\/11\/ruokolahden-ryhmanayttely-10-7\/\" data-type=\"post\" data-id=\"5249\">Ruokolahden RN 10.7.<\/a><\/td><\/tr><tr><td class=\"has-text-align-left\" data-align=\"left\"><\/td><td><\/td><td class=\"has-text-align-left\" data-align=\"left\"><\/td><td class=\"has-text-align-left\" data-align=\"left\"><\/td><td class=\"has-text-align-left\" data-align=\"left\"><\/td><td class=\"has-text-align-left\" data-align=\"left\"><\/td><\/tr><\/tbody><\/table><\/figure>\n","protected":false},"excerpt":{"rendered":"<p>Paikka P\u00e4iv\u00e4m\u00e4\u00e4r\u00e4 Luokka Tulos Tuomari Linkki blogiin Aura, Open show 13.5.2021 Nuo 1 VSP Kati Nieminen Debyyttiesitys open show&#8217;ssa Ruokolahti, RN 10.7.2021 Jun ERI1 Ville Meronen Ruokolahden RN 10.7.<\/p>\n","protected":false},"author":1,"featured_media":0,"parent":0,"menu_order":0,"comment_status":"closed","ping_status":"closed","template":"","meta":{"Layout":""},"_links":{"self":[{"href":"https:\/\/hammerheart.kapsi.fi\/greatdane\/wp-json\/wp\/v2\/pages\/5117"}],"collection":[{"href":"https:\/\/hammerheart.kapsi.fi\/greatdane\/wp-json\/wp\/v2\/pages"}],"about":[{"href":"https:\/\/hammerheart.kapsi.fi\/greatdane\/wp-json\/wp\/v2\/types\/page"}],"author":[{"embeddable":true,"href":"https:\/\/hammerheart.kapsi.fi\/greatdane\/wp-json\/wp\/v2\/users\/1"}],"replies":[{"embeddable":true,"href":"https:\/\/hammerheart.kapsi.fi\/greatdane\/wp-json\/wp\/v2\/comments?post=5117"}],"version-history":[{"count":3,"href":"https:\/\/hammerheart.kapsi.fi\/greatdane\/wp-json\/wp\/v2\/pages\/5117\/revisions"}],"predecessor-version":[{"id":5253,"href":"https:\/\/hammerheart.kapsi.fi\/greatdane\/wp-json\/wp\/v2\/pages\/5117\/revisions\/5253"}],"wp:attachment":[{"href":"https:\/\/hammerheart.kapsi.fi\/greatdane\/wp-json\/wp\/v2\/media?parent=5117"}],"curies":[{"name":"wp","href":"https:\/\/api.w.org\/{rel}","templated":true}]}}