{"id":3756,"date":"2020-06-24T17:57:33","date_gmt":"2020-06-24T17:57:33","guid":{"rendered":"http:\/\/hammerheart.kapsi.fi\/greatdane\/?page_id=3756"},"modified":"2020-08-07T17:47:37","modified_gmt":"2020-08-07T17:47:37","slug":"hertta","status":"publish","type":"page","link":"https:\/\/hammerheart.kapsi.fi\/greatdane\/hertta\/","title":{"rendered":"Hertta"},"content":{"rendered":"\n<h3>FI MVA Grande Gremin&#8217;s Amaranth<\/h3>\n\n\n\n<figure class=\"wp-block-image size-large is-resized\"><img loading=\"lazy\" src=\"http:\/\/hammerheart.kapsi.fi\/greatdane\/wp-content\/uploads\/2018\/04\/IMG_3780-683x1024.jpg\" alt=\"\" class=\"wp-image-1128\" width=\"512\" height=\"768\" srcset=\"https:\/\/hammerheart.kapsi.fi\/greatdane\/wp-content\/uploads\/2018\/04\/IMG_3780-683x1024.jpg 683w, https:\/\/hammerheart.kapsi.fi\/greatdane\/wp-content\/uploads\/2018\/04\/IMG_3780-200x300.jpg 200w, https:\/\/hammerheart.kapsi.fi\/greatdane\/wp-content\/uploads\/2018\/04\/IMG_3780-768x1152.jpg 768w, https:\/\/hammerheart.kapsi.fi\/greatdane\/wp-content\/uploads\/2018\/04\/IMG_3780-333x500.jpg 333w\" sizes=\"(max-width: 512px) 100vw, 512px\" \/><\/figure>\n\n\n\n<p>s. 22.2.2009<br>k. 18.4.2017 (v\u00e4lilevyn rappeuma kaularangassa)<\/p>\n\n\n\n<p>i. CIB Multi CH Multi JCH Bonel Roland &#8220;Rollo&#8221;<br>e. CIB Multi CH Bonel Xara &#8220;Xara&#8221;<br>kasv. Heidi ja Anne Wahlman, Palojoki, kennel Grande Gremin&#8217;s<\/p>\n\n\n\n<p><a href=\"https:\/\/jalostus.kennelliitto.fi\/frmKoira.aspx?RekNo=FI17768\/09&amp;R=235.3\">Sukutaulu koiranetiss\u00e4<\/a><\/p>\n\n\n\n<p><a href=\"http:\/\/hammerheart.kapsi.fi\/greatdane\/hertan-kasvutaulukko\/\">Hertan kasvutaulukko<\/a><\/p>\n\n\n\n<p><a href=\"http:\/\/hammerheart.kapsi.fi\/greatdane\/2018\/04\/18\/hertta\/\">Hertasta kertova blogip\u00e4ivitys t\u00e4\u00e4ll\u00e4<\/a><\/p>\n\n\n\n<p><a href=\"http:\/\/jotunhund.hammerheart.net\/greatdane\/home\" target=\"_blank\" rel=\"noreferrer noopener\" aria-label=\"Hertan omalle sivustolle (opens in a new tab)\">Hertan omalle sivustolle<\/a><\/p>\n","protected":false},"excerpt":{"rendered":"<p>FI MVA Grande Gremin&#8217;s Amaranth s. 22.2.2009k. 18.4.2017 (v\u00e4lilevyn rappeuma kaularangassa) i. CIB Multi CH Multi JCH Bonel Roland &#8220;Rollo&#8221;e. CIB Multi CH Bonel Xara &#8220;Xara&#8221;kasv. Heidi ja Anne Wahlman, <a href=\"https:\/\/hammerheart.kapsi.fi\/greatdane\/hertta\/\" class=\"more-link\">[&hellip;]<\/a><\/p>\n","protected":false},"author":1,"featured_media":0,"parent":0,"menu_order":0,"comment_status":"closed","ping_status":"closed","template":"","meta":{"Layout":""},"_links":{"self":[{"href":"https:\/\/hammerheart.kapsi.fi\/greatdane\/wp-json\/wp\/v2\/pages\/3756"}],"collection":[{"href":"https:\/\/hammerheart.kapsi.fi\/greatdane\/wp-json\/wp\/v2\/pages"}],"about":[{"href":"https:\/\/hammerheart.kapsi.fi\/greatdane\/wp-json\/wp\/v2\/types\/page"}],"author":[{"embeddable":true,"href":"https:\/\/hammerheart.kapsi.fi\/greatdane\/wp-json\/wp\/v2\/users\/1"}],"replies":[{"embeddable":true,"href":"https:\/\/hammerheart.kapsi.fi\/greatdane\/wp-json\/wp\/v2\/comments?post=3756"}],"version-history":[{"count":4,"href":"https:\/\/hammerheart.kapsi.fi\/greatdane\/wp-json\/wp\/v2\/pages\/3756\/revisions"}],"predecessor-version":[{"id":4017,"href":"https:\/\/hammerheart.kapsi.fi\/greatdane\/wp-json\/wp\/v2\/pages\/3756\/revisions\/4017"}],"wp:attachment":[{"href":"https:\/\/hammerheart.kapsi.fi\/greatdane\/wp-json\/wp\/v2\/media?parent=3756"}],"curies":[{"name":"wp","href":"https:\/\/api.w.org\/{rel}","templated":true}]}}