{"id":3731,"date":"2020-06-24T15:17:03","date_gmt":"2020-06-24T15:17:03","guid":{"rendered":"http:\/\/hammerheart.kapsi.fi\/greatdane\/?page_id=3731"},"modified":"2020-06-24T18:07:55","modified_gmt":"2020-06-24T18:07:55","slug":"muistoissamme","status":"publish","type":"page","link":"https:\/\/hammerheart.kapsi.fi\/greatdane\/muistoissamme\/","title":{"rendered":"Muistoissamme"},"content":{"rendered":"\n<p><em>Kun y\u00f6ss\u00e4 yksin vaeltaa<br>Voi kaltaisensa kohdata<br>Ja hetken tie on kevyt kaksin kulkea<br>Ei et\u00e4isyys, ei vuodetkaan<br>Ei mik\u00e4\u00e4n meit\u00e4 erota<br>Kun hetken vain<br>Sut pit\u00e4\u00e4 saan<br>Ja unohtaa<br><\/em><br>Tehosekoitin: Hetken tie on kevyt<\/p>\n\n\n\n<figure class=\"wp-block-image size-large\"><a href=\"nemi\"><img loading=\"lazy\" width=\"1024\" height=\"349\" src=\"http:\/\/hammerheart.kapsi.fi\/greatdane\/wp-content\/uploads\/2020\/01\/header-1-1024x349.jpg\" alt=\"\" class=\"wp-image-3308\" srcset=\"https:\/\/hammerheart.kapsi.fi\/greatdane\/wp-content\/uploads\/2020\/01\/header-1-1024x349.jpg 1024w, https:\/\/hammerheart.kapsi.fi\/greatdane\/wp-content\/uploads\/2020\/01\/header-1-300x102.jpg 300w, https:\/\/hammerheart.kapsi.fi\/greatdane\/wp-content\/uploads\/2020\/01\/header-1-768x261.jpg 768w, https:\/\/hammerheart.kapsi.fi\/greatdane\/wp-content\/uploads\/2020\/01\/header-1-1025x349.jpg 1025w, https:\/\/hammerheart.kapsi.fi\/greatdane\/wp-content\/uploads\/2020\/01\/header-1.jpg 1175w\" sizes=\"(max-width: 1024px) 100vw, 1024px\" \/><\/a><figcaption><a href=\"http:\/\/nemi\">Nemi<\/a><\/figcaption><\/figure>\n\n\n\n<figure class=\"wp-block-image size-large\"><a href=\"http:\/\/hammerheart.kapsi.fi\/greatdane\/hertta\/\"><img loading=\"lazy\" width=\"446\" height=\"443\" src=\"http:\/\/hammerheart.kapsi.fi\/greatdane\/wp-content\/uploads\/2018\/04\/Hertta-18-4-2017.png\" alt=\"\" class=\"wp-image-1138\" srcset=\"https:\/\/hammerheart.kapsi.fi\/greatdane\/wp-content\/uploads\/2018\/04\/Hertta-18-4-2017.png 446w, https:\/\/hammerheart.kapsi.fi\/greatdane\/wp-content\/uploads\/2018\/04\/Hertta-18-4-2017-150x150.png 150w, https:\/\/hammerheart.kapsi.fi\/greatdane\/wp-content\/uploads\/2018\/04\/Hertta-18-4-2017-300x298.png 300w\" sizes=\"(max-width: 446px) 100vw, 446px\" \/><\/a><figcaption><a href=\"http:\/\/hammerheart.kapsi.fi\/greatdane\/hertta\/\">Hertta<\/a><\/figcaption><\/figure>\n","protected":false},"excerpt":{"rendered":"<p>Kun y\u00f6ss\u00e4 yksin vaeltaaVoi kaltaisensa kohdataJa hetken tie on kevyt kaksin kulkeaEi et\u00e4isyys, ei vuodetkaanEi mik\u00e4\u00e4n meit\u00e4 erotaKun hetken vainSut pit\u00e4\u00e4 saanJa unohtaaTehosekoitin: Hetken tie on kevyt<\/p>\n","protected":false},"author":1,"featured_media":0,"parent":0,"menu_order":0,"comment_status":"closed","ping_status":"closed","template":"","meta":{"Layout":""},"_links":{"self":[{"href":"https:\/\/hammerheart.kapsi.fi\/greatdane\/wp-json\/wp\/v2\/pages\/3731"}],"collection":[{"href":"https:\/\/hammerheart.kapsi.fi\/greatdane\/wp-json\/wp\/v2\/pages"}],"about":[{"href":"https:\/\/hammerheart.kapsi.fi\/greatdane\/wp-json\/wp\/v2\/types\/page"}],"author":[{"embeddable":true,"href":"https:\/\/hammerheart.kapsi.fi\/greatdane\/wp-json\/wp\/v2\/users\/1"}],"replies":[{"embeddable":true,"href":"https:\/\/hammerheart.kapsi.fi\/greatdane\/wp-json\/wp\/v2\/comments?post=3731"}],"version-history":[{"count":2,"href":"https:\/\/hammerheart.kapsi.fi\/greatdane\/wp-json\/wp\/v2\/pages\/3731\/revisions"}],"predecessor-version":[{"id":3762,"href":"https:\/\/hammerheart.kapsi.fi\/greatdane\/wp-json\/wp\/v2\/pages\/3731\/revisions\/3762"}],"wp:attachment":[{"href":"https:\/\/hammerheart.kapsi.fi\/greatdane\/wp-json\/wp\/v2\/media?parent=3731"}],"curies":[{"name":"wp","href":"https:\/\/api.w.org\/{rel}","templated":true}]}}