{"id":110,"date":"2017-04-27T06:22:45","date_gmt":"2017-04-27T06:22:45","guid":{"rendered":"http:\/\/hammerheart.kapsi.fi\/greatdane\/?page_id=110"},"modified":"2021-01-02T17:12:34","modified_gmt":"2021-01-02T17:12:34","slug":"nemi","status":"publish","type":"page","link":"https:\/\/hammerheart.kapsi.fi\/greatdane\/nemi\/","title":{"rendered":"Nemi"},"content":{"rendered":"\n<h3>Happy Harlekin\u2019s WannaB Babygirl<\/h3>\n\n\n\n<p>s. 16.2.2017<br>k. 31.12.2019 (k\u00e4ytt\u00e4ytymish\u00e4iri\u00f6t; arkuus &#8211; puri kolmea ihmist\u00e4. Lis\u00e4ksi avauksessa l\u00f6ydetty voimakkaat lis\u00e4munuaisten ja -munuaiskuorten tulehdusmuutokset.)<br>kasv. Maarit Keskitalo, Myrskyl\u00e4, kennel Happy Harlekin&#8217;s<\/p>\n\n\n\n<p>i. Grand Oak\u2019s WannaB Happy Harlekin &#8220;Luca&#8221;<br>e. Happy Harlekin\u2019s Elle Driver &#8220;Elle&#8221;<br><a href=\"https:\/\/jalostus.kennelliitto.fi\/frmKoira.aspx?RekNo=FI20127%2F17&amp;R=235.2\" target=\"_blank\" rel=\"noreferrer noopener\">sukutaulu Koiranetiss\u00e4<\/a><\/p>\n\n\n\n<p><strong>Terveystutkimukset<\/strong><\/p>\n\n\n\n<ul><li>8.4.2019 kyyn\u00e4rnivel 0\/0<\/li><li>8.4.2019 lonkkanivel A\/A<\/li><li>8.4.2019 selk\u00e4 <ul><li>nikamien ep\u00e4muotoisuus VA0 (normaali), lukum\u00e4\u00e4r\u00e4: 0<\/li><li>sel\u00e4n spondyloosi SP0 (puhdas)<\/li><li>v\u00e4limuotoinen lanne-ristinikama LTV0 (normaali) <\/li><\/ul><\/li><li>7.6.2019 syd\u00e4n <ul><li>auskultaatio &#8211; ei sivu\u00e4\u00e4ni\u00e4<\/li><li>syd\u00e4nultra\u00e4\u00e4ni- ja syd\u00e4nfilmitutkimus &#8211; ei osoita merkkej\u00e4 syd\u00e4nsairaudesta tai rytmih\u00e4iri\u00f6st\u00e4 <\/li><\/ul><\/li><\/ul>\n\n\n\n<figure class=\"wp-block-image size-large\"><img loading=\"lazy\" width=\"1024\" height=\"729\" src=\"http:\/\/hammerheart.kapsi.fi\/greatdane\/wp-content\/uploads\/2020\/01\/Nemi-1024x729.jpg\" alt=\"\" class=\"wp-image-3225\" srcset=\"https:\/\/hammerheart.kapsi.fi\/greatdane\/wp-content\/uploads\/2020\/01\/Nemi-1024x729.jpg 1024w, https:\/\/hammerheart.kapsi.fi\/greatdane\/wp-content\/uploads\/2020\/01\/Nemi-300x214.jpg 300w, https:\/\/hammerheart.kapsi.fi\/greatdane\/wp-content\/uploads\/2020\/01\/Nemi-768x547.jpg 768w, https:\/\/hammerheart.kapsi.fi\/greatdane\/wp-content\/uploads\/2020\/01\/Nemi-702x500.jpg 702w, https:\/\/hammerheart.kapsi.fi\/greatdane\/wp-content\/uploads\/2020\/01\/Nemi.jpg 1276w\" sizes=\"(max-width: 1024px) 100vw, 1024px\" \/><\/figure>\n\n\n<div class=\"entry-content\">\n<ul>\n<li style=\"list-style-type: none;\">\n<ul>\n<li style=\"list-style-type: none;\">&nbsp;<\/li>\n<\/ul>\n<\/li>\n<\/ul>\n<p><a href=\"http:\/\/hammerheart.kapsi.fi\/greatdane\/wp-content\/uploads\/2019\/02\/IMG_3055.jpg\"><img loading=\"lazy\" class=\"alignnone wp-image-1957\" src=\"http:\/\/hammerheart.kapsi.fi\/greatdane\/wp-content\/uploads\/2019\/02\/IMG_3055.jpg\" alt=\"\" width=\"400\" height=\"319\" srcset=\"https:\/\/hammerheart.kapsi.fi\/greatdane\/wp-content\/uploads\/2019\/02\/IMG_3055.jpg 1378w, https:\/\/hammerheart.kapsi.fi\/greatdane\/wp-content\/uploads\/2019\/02\/IMG_3055-300x239.jpg 300w, https:\/\/hammerheart.kapsi.fi\/greatdane\/wp-content\/uploads\/2019\/02\/IMG_3055-768x613.jpg 768w, https:\/\/hammerheart.kapsi.fi\/greatdane\/wp-content\/uploads\/2019\/02\/IMG_3055-1024x817.jpg 1024w, https:\/\/hammerheart.kapsi.fi\/greatdane\/wp-content\/uploads\/2019\/02\/IMG_3055-626x500.jpg 626w\" sizes=\"(max-width: 400px) 100vw, 400px\" \/><\/a><\/p>\n<p>Nemi 2 vuotta<\/p>\n<p><a href=\"http:\/\/hammerheart.kapsi.fi\/greatdane\/wp-content\/uploads\/2018\/01\/IMG_8038-Edit.jpg\"><img loading=\"lazy\" class=\"alignnone wp-image-880\" src=\"http:\/\/hammerheart.kapsi.fi\/greatdane\/wp-content\/uploads\/2018\/01\/IMG_8038-Edit-300x235.jpg\" alt=\"\" width=\"400\" height=\"313\" srcset=\"https:\/\/hammerheart.kapsi.fi\/greatdane\/wp-content\/uploads\/2018\/01\/IMG_8038-Edit-300x235.jpg 300w, https:\/\/hammerheart.kapsi.fi\/greatdane\/wp-content\/uploads\/2018\/01\/IMG_8038-Edit-768x601.jpg 768w, https:\/\/hammerheart.kapsi.fi\/greatdane\/wp-content\/uploads\/2018\/01\/IMG_8038-Edit-1024x802.jpg 1024w, https:\/\/hammerheart.kapsi.fi\/greatdane\/wp-content\/uploads\/2018\/01\/IMG_8038-Edit-639x500.jpg 639w\" sizes=\"(max-width: 400px) 100vw, 400px\" \/><\/a><\/p>\n<p><a href=\"http:\/\/hammerheart.kapsi.fi\/greatdane\/wp-content\/uploads\/2018\/01\/IMG_8027.jpg\"><img loading=\"lazy\" class=\"alignnone wp-image-883 size-thumbnail\" style=\"font-size: 20px;\" src=\"http:\/\/hammerheart.kapsi.fi\/greatdane\/wp-content\/uploads\/2018\/01\/IMG_8027-150x150.jpg\" alt=\"\" width=\"150\" height=\"150\"><\/a><a href=\"http:\/\/hammerheart.kapsi.fi\/greatdane\/wp-content\/uploads\/2018\/01\/IMG_8021-Edit.jpg\"><img loading=\"lazy\" class=\"alignnone wp-image-892 size-thumbnail\" src=\"http:\/\/hammerheart.kapsi.fi\/greatdane\/wp-content\/uploads\/2018\/01\/IMG_8021-Edit-150x150.jpg\" alt=\"\" width=\"150\" height=\"150\"><\/a>&nbsp;<a href=\"http:\/\/hammerheart.kapsi.fi\/greatdane\/wp-content\/uploads\/2017\/04\/IMG_7708-Edit.jpg\"><br><\/a>Nemi 11 kk<\/p>\n<p><a href=\"http:\/\/hammerheart.kapsi.fi\/greatdane\/kasvutaulukko\/\" data-slimstat=\"5\">Nemin kasvutaulukko<\/a><\/p>\n<p><a href=\"http:\/\/hammerheart.kapsi.fi\/greatdane\/kasvu-kuvina\/\" data-slimstat=\"5\">Kasvu kuvina<\/a><\/p>\n<\/div>\n\n\n<p><\/p>\n\n\n\n<h3>Nemin poismenon taustoista ja syist\u00e4 kertovat p\u00e4ivitykset<\/h3>\n\n\n\n<ul><li>29.12.2019&nbsp;<a href=\"http:\/\/hammerheart.kapsi.fi\/greatdane\/2019\/12\/29\/pimea-puoli\/\">Nyt ei ole ollenkaan hyvi\u00e4 juttuja blogissa\u2026<\/a><\/li><li>3.1.2020 Blogi:&nbsp;<a href=\"http:\/\/hammerheart.kapsi.fi\/greatdane\/2020\/01\/03\/nemille\/\">Nemille<\/a><\/li><li>17.5.2020&nbsp;<a href=\"http:\/\/hammerheart.kapsi.fi\/greatdane\/2020\/05\/17\/nemin-epilogi\/\">Epilogi, eli Nemin avaustulokset<\/a><\/li><\/ul>\n","protected":false},"excerpt":{"rendered":"<p>Happy Harlekin\u2019s WannaB Babygirl s. 16.2.2017k. 31.12.2019 (k\u00e4ytt\u00e4ytymish\u00e4iri\u00f6t; arkuus &#8211; puri kolmea ihmist\u00e4. Lis\u00e4ksi avauksessa l\u00f6ydetty voimakkaat lis\u00e4munuaisten ja -munuaiskuorten tulehdusmuutokset.)kasv. Maarit Keskitalo, Myrskyl\u00e4, kennel Happy Harlekin&#8217;s i. Grand Oak\u2019s <a href=\"https:\/\/hammerheart.kapsi.fi\/greatdane\/nemi\/\" class=\"more-link\">[&hellip;]<\/a><\/p>\n","protected":false},"author":1,"featured_media":0,"parent":0,"menu_order":0,"comment_status":"closed","ping_status":"closed","template":"","meta":{"Layout":""},"_links":{"self":[{"href":"https:\/\/hammerheart.kapsi.fi\/greatdane\/wp-json\/wp\/v2\/pages\/110"}],"collection":[{"href":"https:\/\/hammerheart.kapsi.fi\/greatdane\/wp-json\/wp\/v2\/pages"}],"about":[{"href":"https:\/\/hammerheart.kapsi.fi\/greatdane\/wp-json\/wp\/v2\/types\/page"}],"author":[{"embeddable":true,"href":"https:\/\/hammerheart.kapsi.fi\/greatdane\/wp-json\/wp\/v2\/users\/1"}],"replies":[{"embeddable":true,"href":"https:\/\/hammerheart.kapsi.fi\/greatdane\/wp-json\/wp\/v2\/comments?post=110"}],"version-history":[{"count":17,"href":"https:\/\/hammerheart.kapsi.fi\/greatdane\/wp-json\/wp\/v2\/pages\/110\/revisions"}],"predecessor-version":[{"id":4630,"href":"https:\/\/hammerheart.kapsi.fi\/greatdane\/wp-json\/wp\/v2\/pages\/110\/revisions\/4630"}],"wp:attachment":[{"href":"https:\/\/hammerheart.kapsi.fi\/greatdane\/wp-json\/wp\/v2\/media?parent=110"}],"curies":[{"name":"wp","href":"https:\/\/api.w.org\/{rel}","templated":true}]}}