{"id":4015,"date":"2020-08-07T17:45:58","date_gmt":"2020-08-07T17:45:58","guid":{"rendered":"http:\/\/hammerheart.kapsi.fi\/greatdane\/?page_id=4015"},"modified":"2020-08-07T17:45:58","modified_gmt":"2020-08-07T17:45:58","slug":"hertan-kasvutaulukko","status":"publish","type":"page","link":"http:\/\/hammerheart.kapsi.fi\/greatdane\/hertan-kasvutaulukko\/","title":{"rendered":"Hertan kasvutaulukko"},"content":{"rendered":"\n<p>teksti\u00e4<\/p>\n\n\n\n<figure class=\"wp-block-table\"><table><tbody><tr><td>Ik\u00e4 (viikkoa)<\/td><td>Paino<\/td><td>Korkeus<\/td><\/tr><tr><td>&nbsp;Syntym\u00e4paino<\/td><td>716 g<\/td><td>&nbsp;<\/td><\/tr><tr><td>7<\/td><td>8,5<\/td><td>35,5<\/td><\/tr><tr><td>8<\/td><td>10,4<\/td><td>36,5<\/td><\/tr><tr><td>9<\/td><td>12,0<\/td><td>41,0<\/td><\/tr><tr><td>10<\/td><td>12,8<\/td><td>43,0<\/td><\/tr><tr><td>11<\/td><td>14,6<\/td><td>45,5<\/td><\/tr><tr><td>12 (3 kk)<\/td><td>15,8<\/td><td>49,5<\/td><\/tr><tr><td>13<\/td><td>17,8<\/td><td>51,5<\/td><\/tr><tr><td>14<\/td><td>19,8<\/td><td>53,5<\/td><\/tr><tr><td>15<\/td><td>21,8<\/td><td>56,5<\/td><\/tr><tr><td>16 (4 kk)<\/td><td>23,6<\/td><td>58,0<\/td><\/tr><tr><td>17<\/td><td>24,8<\/td><td>59,0<\/td><\/tr><tr><td>18<\/td><td>26,2<\/td><td>61,5<\/td><\/tr><tr><td>19<\/td><td>28,0<\/td><td>65,0<\/td><\/tr><tr><td>20 (5 kk)<\/td><td>29,0<\/td><td>65,0<\/td><\/tr><tr><td>21<\/td><td>29,0<\/td><td>68,0<\/td><\/tr><tr><td>22<\/td><td>32,0<\/td><td>68,0<\/td><\/tr><tr><td>23<\/td><td>34,0<\/td><td>71,5<\/td><\/tr><tr><td>24 ( 6 kk)<\/td><td>36,0<\/td><td>71,5<\/td><\/tr><tr><td>25<\/td><td>37,0<\/td><td>72,5<\/td><\/tr><tr><td>26<\/td><td>38,0<\/td><td>73,5<\/td><\/tr><tr><td>27<\/td><td>39,0<\/td><td>76,0<\/td><\/tr><tr><td>28<\/td><td>41,0<\/td><td>74,0<\/td><\/tr><tr><td>29<\/td><td>41,0<\/td><td>77,0<\/td><\/tr><tr><td>30<\/td><td>43,0<\/td><td>77,0<\/td><\/tr><tr><td>31<\/td><td>43,0<\/td><td>78,0<\/td><\/tr><tr><td>32,5<\/td><td>47,0<\/td><td>78,0<\/td><\/tr><tr><td>33<\/td><td>48,0<\/td><td>78,0<\/td><\/tr><tr><td>34<\/td><td>48,0<\/td><td>78,5<\/td><\/tr><tr><td>35<\/td><td>48,0<\/td><td>80,0<\/td><\/tr><tr><td>36<\/td><td>49,0<\/td><td>80,0<\/td><\/tr><tr><td>37<\/td><td>47,0<\/td><td>81,5<\/td><\/tr><tr><td>38<\/td><td>47,0<\/td><td>80,5<\/td><\/tr><tr><td>39<\/td><td>47,0<\/td><td>82,0<\/td><\/tr><tr><td>40<\/td><td>51,0<\/td><td>81,5<\/td><\/tr><tr><td>41<\/td><td>48,0<\/td><td>83,0<\/td><\/tr><tr><td>43<\/td><td>48,0<\/td><td>82,5<\/td><\/tr><tr><td>44 (10 kk)<\/td><td>49,0<\/td><td>81,5<\/td><\/tr><tr><td>46<\/td><td>52,0<\/td><td>82,5<\/td><\/tr><tr><td>48<\/td><td>50,0<\/td><td>83,0<\/td><\/tr><tr><td>49<\/td><td>52,0<\/td><td>82,0<\/td><\/tr><tr><td>50<\/td><td>53,0<\/td><td>83,0<\/td><\/tr><tr><td>52 (1 vuotta)<\/td><td>52,0<\/td><td>83,0<\/td><\/tr><tr><td>16 kk<\/td><td>&nbsp;56,0<\/td><td>83,0<\/td><\/tr><tr><td>&nbsp;17 kk<\/td><td>&nbsp;57,5<\/td><td>83,0<\/td><\/tr><tr><td>\u00a018 kk (1,5 vuotta)<\/td><td>&nbsp;58,5<\/td><td>83,0&nbsp;<\/td><\/tr><tr><td>\u00a024 kk (2 vuotta)<\/td><td>&nbsp;61,5<\/td><td>84,0<\/td><\/tr><tr><td>&nbsp;3 vuotta<\/td><td>&nbsp;64,5<\/td><td>84,0<\/td><\/tr><tr><td>&nbsp;4 vuotta<\/td><td>&nbsp;65,0<\/td><td>84,0<\/td><\/tr><tr><td>&nbsp;5 vuotta<\/td><td>&nbsp;68,0<\/td><td>84,0<\/td><\/tr><tr><td>7 vuotta<\/td><td>62,0<\/td><td>84,0<\/td><\/tr><\/tbody><\/table><\/figure>\n","protected":false},"excerpt":{"rendered":"<p>teksti\u00e4 Ik\u00e4 (viikkoa) Paino Korkeus &nbsp;Syntym\u00e4paino 716 g &nbsp; 7 8,5 35,5 8 10,4 36,5 9 12,0 41,0 10 12,8 43,0 11 14,6 45,5 12 (3 kk) 15,8 49,5 13 <a href=\"http:\/\/hammerheart.kapsi.fi\/greatdane\/hertan-kasvutaulukko\/\" class=\"more-link\">[&hellip;]<\/a><\/p>\n","protected":false},"author":1,"featured_media":0,"parent":0,"menu_order":0,"comment_status":"closed","ping_status":"closed","template":"","meta":{"Layout":""},"_links":{"self":[{"href":"http:\/\/hammerheart.kapsi.fi\/greatdane\/wp-json\/wp\/v2\/pages\/4015"}],"collection":[{"href":"http:\/\/hammerheart.kapsi.fi\/greatdane\/wp-json\/wp\/v2\/pages"}],"about":[{"href":"http:\/\/hammerheart.kapsi.fi\/greatdane\/wp-json\/wp\/v2\/types\/page"}],"author":[{"embeddable":true,"href":"http:\/\/hammerheart.kapsi.fi\/greatdane\/wp-json\/wp\/v2\/users\/1"}],"replies":[{"embeddable":true,"href":"http:\/\/hammerheart.kapsi.fi\/greatdane\/wp-json\/wp\/v2\/comments?post=4015"}],"version-history":[{"count":1,"href":"http:\/\/hammerheart.kapsi.fi\/greatdane\/wp-json\/wp\/v2\/pages\/4015\/revisions"}],"predecessor-version":[{"id":4016,"href":"http:\/\/hammerheart.kapsi.fi\/greatdane\/wp-json\/wp\/v2\/pages\/4015\/revisions\/4016"}],"wp:attachment":[{"href":"http:\/\/hammerheart.kapsi.fi\/greatdane\/wp-json\/wp\/v2\/media?parent=4015"}],"curies":[{"name":"wp","href":"https:\/\/api.w.org\/{rel}","templated":true}]}}