{"id":3764,"date":"2020-06-25T16:49:50","date_gmt":"2020-06-25T16:49:50","guid":{"rendered":"http:\/\/hammerheart.kapsi.fi\/greatdane\/?page_id=3764"},"modified":"2021-07-21T18:19:01","modified_gmt":"2021-07-21T18:19:01","slug":"venla-kasvutaulukko","status":"publish","type":"page","link":"http:\/\/hammerheart.kapsi.fi\/greatdane\/venla-kasvutaulukko\/","title":{"rendered":"Venlan kasvutaulukko"},"content":{"rendered":"\n<figure class=\"wp-block-table is-style-stripes\"><table><tbody><tr><td><strong>Ik\u00e4<\/strong><\/td><td><strong>Paino<\/strong><\/td><td><strong>S\u00e4k\u00e4korkeus<\/strong><\/td><\/tr><tr><td>4 vkoa<\/td><td><\/td><td><\/td><\/tr><tr><td>5 vkoa<\/td><td>5,7 kg<\/td><td><\/td><\/tr><tr><td>6 vkoa<\/td><td>6,8 kg<\/td><td><\/td><\/tr><tr><td>7 vkoa<\/td><td>8,2 kg<\/td><td><\/td><\/tr><tr><td>8 vkoa<\/td><td>9,4 kg<\/td><td>36-37 cm<\/td><\/tr><tr><td>9 vkoa<\/td><td>11 kg<\/td><td>41 cm<\/td><\/tr><tr><td>10 vkoa<\/td><td>13,4 kg<\/td><td>44 cm<\/td><\/tr><tr><td>11 vkoa<\/td><td>15,2 kg<\/td><td>47 cm<\/td><\/tr><tr><td>12 vkoa<\/td><td>17,0 kg<\/td><td>48,5 cm<\/td><\/tr><tr><td>13 vkoa<\/td><td>18,2 kg<\/td><td>52 cm<\/td><\/tr><tr><td>14 vkoa<\/td><td>21,0 kg<\/td><td>54,5 cm<\/td><\/tr><tr><td>15 vkoa<\/td><td>22,2 kg<\/td><td>55,5 cm<\/td><\/tr><tr><td>16 vkoa (4 kk)<\/td><td>25,0 kg<\/td><td>58 cm<\/td><\/tr><tr><td>17 vkoa<\/td><td>26,2 kg<\/td><td>60 cm<\/td><\/tr><tr><td>18 vkoa<\/td><td>27,9 kg<\/td><td>61 cm<\/td><\/tr><tr><td>19 viikkoa<\/td><td>29,6 kg<\/td><td>63 cm<\/td><\/tr><tr><td>20 viikkoa<\/td><td>31,4 kg<\/td><td>64 cm<\/td><\/tr><tr><td>21,5 viikkoa<\/td><td>33 kg <\/td><td>66 cm<\/td><\/tr><tr><td>22 viikkoa<\/td><td>34,5 kg<\/td><td>66,5 cm<\/td><\/tr><tr><td>23 viikkoa<\/td><td>36 kg<\/td><td>66,5 cm<\/td><\/tr><tr><td>24 viikkoa<\/td><td>36,7 kg<\/td><td>69 cm<\/td><\/tr><tr><td>25 viikkoa<\/td><td>37,5 kg<\/td><td>70 cm<\/td><\/tr><tr><td>26 viikkoa (6 kk)<\/td><td>39,5 kg<\/td><td>71 cm<\/td><\/tr><tr><td>27 viikkoa<\/td><td>39,9 kg<\/td><td>72 cm<\/td><\/tr><tr><td>28 viikkoa<\/td><td>40,4 kg<\/td><td>72,5 cm<\/td><\/tr><tr><td>29 viikkoa<\/td><td>41,5 kg<\/td><td>73 cm<\/td><\/tr><tr><td>30 viikkoa<\/td><td>42,1 kg<\/td><td>73,5 cm<\/td><\/tr><tr><td>31 viikkoa (7 kk)<\/td><td>43,2 kg<\/td><td>73,8 cm<\/td><\/tr><tr><td>32 viikkoa<\/td><td>44,2 kg<\/td><td>74,2 cm<\/td><\/tr><tr><td>33 viikkoa<\/td><td>44,6 kg<\/td><td>74,8 cm<\/td><\/tr><tr><td>34 viikkoa<\/td><td>45,5 kg<\/td><td>75 cm<\/td><\/tr><tr><td>35 viikkoa (8 kk)<\/td><td>45,6 kg<\/td><td>75,5 cm<\/td><\/tr><tr><td>36 viikkoa<\/td><td>46,4 kg<\/td><td>75,5 cm<\/td><\/tr><tr><td>37 viikkoa<\/td><td>46,3 kg<\/td><td>75,5 cm<\/td><\/tr><tr><td>38 viikkoa<\/td><td>46,5 kg<\/td><td>76 cm<\/td><\/tr><tr><td>39 viikkoa (9 kk)<\/td><td>46,6 kg<\/td><td>76 cm<\/td><\/tr><tr><td>40 viikkoa<\/td><td>47,0 kg<\/td><td>76,5 cm<\/td><\/tr><tr><td>41 viikkoa<\/td><td>46,7 kg<\/td><td>77 cm<\/td><\/tr><tr><td>42 viikkoa<\/td><td>46,9 kg<\/td><td>77 cm<\/td><\/tr><tr><td>43 viikkoa<\/td><td>46,5 kg<\/td><td>77 cm<\/td><\/tr><tr><td>44 viikkoa (10 kk)<\/td><td>46 kg<\/td><td>77,2 cm<\/td><\/tr><tr><td>45 viikkoa<\/td><td>46 kg<\/td><td>77,5 cm<\/td><\/tr><tr><td>46 viikkoa<\/td><td>46,3 kg <\/td><td>77,5 cm<\/td><\/tr><tr><td>47 viikkoa (11 kk)<\/td><td>46,3 kg<\/td><td>77,8 cm<\/td><\/tr><tr><td>48 viikkoa<\/td><td>46, kg<\/td><td>78,0 cm<\/td><\/tr><tr><td>49 viikkoa<\/td><td>46 kg<\/td><td>78,0 cm<\/td><\/tr><tr><td>50 viikkoa<\/td><td>46 kg<\/td><td>78,0<\/td><\/tr><tr><td>1 vuotta<\/td><td>46 kg<\/td><td>78,2 cm<\/td><\/tr><tr><td>14 kk<\/td><td>47 kg<\/td><td>78,3 cm<\/td><\/tr><\/tbody><\/table><\/figure>\n\n\n\n<p>Strategisia mittoja: <\/p>\n\n\n\n<figure class=\"wp-block-table is-style-stripes\"><table><tbody><tr><td><\/td><td>1 vuotta<\/td><td><\/td><\/tr><tr><td>S\u00e4k\u00e4<\/td><td>78 cm<\/td><td><\/td><\/tr><tr><td>Selk\u00e4<\/td><td>74 cm<\/td><td><\/td><\/tr><tr><td>Kaula<\/td><td>50 cm<\/td><td><\/td><\/tr><tr><td>Rintakeh\u00e4<\/td><td>88 cm<\/td><td><\/td><\/tr><tr><td>Vy\u00f6t\u00e4r\u00f6<\/td><td>59 cm<\/td><td><\/td><\/tr><\/tbody><\/table><\/figure>\n","protected":false},"excerpt":{"rendered":"<p>Ik\u00e4 Paino S\u00e4k\u00e4korkeus 4 vkoa 5 vkoa 5,7 kg 6 vkoa 6,8 kg 7 vkoa 8,2 kg 8 vkoa 9,4 kg 36-37 cm 9 vkoa 11 kg 41 cm 10 <a href=\"http:\/\/hammerheart.kapsi.fi\/greatdane\/venla-kasvutaulukko\/\" class=\"more-link\">[&hellip;]<\/a><\/p>\n","protected":false},"author":1,"featured_media":0,"parent":0,"menu_order":0,"comment_status":"closed","ping_status":"closed","template":"","meta":{"Layout":""},"_links":{"self":[{"href":"http:\/\/hammerheart.kapsi.fi\/greatdane\/wp-json\/wp\/v2\/pages\/3764"}],"collection":[{"href":"http:\/\/hammerheart.kapsi.fi\/greatdane\/wp-json\/wp\/v2\/pages"}],"about":[{"href":"http:\/\/hammerheart.kapsi.fi\/greatdane\/wp-json\/wp\/v2\/types\/page"}],"author":[{"embeddable":true,"href":"http:\/\/hammerheart.kapsi.fi\/greatdane\/wp-json\/wp\/v2\/users\/1"}],"replies":[{"embeddable":true,"href":"http:\/\/hammerheart.kapsi.fi\/greatdane\/wp-json\/wp\/v2\/comments?post=3764"}],"version-history":[{"count":46,"href":"http:\/\/hammerheart.kapsi.fi\/greatdane\/wp-json\/wp\/v2\/pages\/3764\/revisions"}],"predecessor-version":[{"id":5256,"href":"http:\/\/hammerheart.kapsi.fi\/greatdane\/wp-json\/wp\/v2\/pages\/3764\/revisions\/5256"}],"wp:attachment":[{"href":"http:\/\/hammerheart.kapsi.fi\/greatdane\/wp-json\/wp\/v2\/media?parent=3764"}],"curies":[{"name":"wp","href":"https:\/\/api.w.org\/{rel}","templated":true}]}}